{"id":731,"date":"2025-09-29T19:08:09","date_gmt":"2025-09-29T18:08:09","guid":{"rendered":"http:\/\/centrwu.cluster021.hosting.ovh.net\/?page_id=731"},"modified":"2025-11-02T14:09:19","modified_gmt":"2025-11-02T13:09:19","slug":"liens-de-telechargements","status":"publish","type":"page","link":"https:\/\/www.centrepro.info\/index.php\/liens-de-telechargements\/","title":{"rendered":"Liens de t\u00e9l\u00e9chargements"},"content":{"rendered":"\n<div class=\"wp-block-group alignfull has-global-padding is-layout-constrained wp-container-core-group-is-layout-490fa1db wp-block-group-is-layout-constrained\" style=\"padding-top:var(--wp--preset--spacing--50);padding-right:var(--wp--preset--spacing--50);padding-bottom:var(--wp--preset--spacing--50);padding-left:var(--wp--preset--spacing--50)\">\n<div class=\"wp-block-group has-global-padding is-layout-constrained wp-container-core-group-is-layout-650790e1 wp-block-group-is-layout-constrained\">\n<h1 class=\"wp-block-heading has-text-align-center has-x-large-font-size\">Retrouvez ici les liens pour les programmes ou outils informatiques<\/h1>\n\n\n\n<div style=\"height:1.25rem\" aria-hidden=\"true\" class=\"wp-block-spacer\"><\/div>\n\n\n\n<p class=\"has-text-align-center\">En t\u00e9l\u00e9chargement direct sur nos serveurs ou depuis les sites des d\u00e9veloppeurs de chaque produit.<\/p>\n\n\n\n<div style=\"height:1.25rem\" aria-hidden=\"true\" class=\"wp-block-spacer\"><\/div>\n<\/div>\n\n\n\n<figure class=\"wp-block-image size-large\"><img loading=\"lazy\" decoding=\"async\" width=\"1024\" height=\"714\" src=\"https:\/\/www.centrepro.info\/wp-content\/uploads\/2025\/11\/upload.wikimedia.org-wikipedia-commons-2-26-Carte_conceptuelle_du_logiciel_libre.svg-1024x714.png\" alt=\"Carte conceptuelle du logiciel libre\" class=\"wp-image-890\" srcset=\"https:\/\/www.centrepro.info\/wp-content\/uploads\/2025\/11\/upload.wikimedia.org-wikipedia-commons-2-26-Carte_conceptuelle_du_logiciel_libre.svg-1024x714.png 1024w, https:\/\/www.centrepro.info\/wp-content\/uploads\/2025\/11\/upload.wikimedia.org-wikipedia-commons-2-26-Carte_conceptuelle_du_logiciel_libre.svg-300x209.png 300w, https:\/\/www.centrepro.info\/wp-content\/uploads\/2025\/11\/upload.wikimedia.org-wikipedia-commons-2-26-Carte_conceptuelle_du_logiciel_libre.svg-768x536.png 768w, https:\/\/www.centrepro.info\/wp-content\/uploads\/2025\/11\/upload.wikimedia.org-wikipedia-commons-2-26-Carte_conceptuelle_du_logiciel_libre.svg.png 1031w\" sizes=\"auto, (max-width: 1024px) 100vw, 1024px\" \/><figcaption class=\"wp-element-caption\">Source : https:\/\/fr.wikipedia.org\/wiki\/Fichier:Carte_conceptuelle_du_logiciel_libre.svg<\/figcaption><\/figure>\n\n\n\n<div style=\"height:var(--wp--preset--spacing--30)\" aria-hidden=\"true\" class=\"wp-block-spacer\"><\/div>\n<\/div>\n\n\n\n<div class=\"wp-block-group alignfull has-base-2-background-color has-background has-global-padding is-layout-constrained wp-container-core-group-is-layout-669513ed wp-block-group-is-layout-constrained\" style=\"margin-top:0;margin-bottom:0;padding-top:var(--wp--preset--spacing--50);padding-right:var(--wp--preset--spacing--50);padding-bottom:var(--wp--preset--spacing--50);padding-left:var(--wp--preset--spacing--50)\">\n<div class=\"wp-block-group is-vertical is-content-justification-center is-layout-flex wp-container-core-group-is-layout-52b864f0 wp-block-group-is-layout-flex\">\n<h2 class=\"wp-block-heading has-text-align-center is-style-asterisk\">Par principe : n&rsquo;installez que des logiciels dont vous avez besoin !<\/h2>\n\n\n\n<div style=\"height:0px\" aria-hidden=\"true\" class=\"wp-block-spacer wp-container-content-4f2ccadb\"><\/div>\n\n\n\n<p class=\"has-text-align-center\">Chaque fois que vous installez un logiciel sur un ordinateur, celui-ci va prendre une partie des ressources dont vous disposez pour fonctionner. Donc, plus vous installez de logiciels, plus vous prenez le risque de ralentir votre ordinateur, alors pensez \u00e0 retirer ceux qui ne vous servent plus ou pas.<\/p>\n<\/div>\n\n\n\n<div style=\"margin-top:0;margin-bottom:0;height:var(--wp--preset--spacing--40)\" aria-hidden=\"true\" class=\"wp-block-spacer\"><\/div>\n\n\n\n<div class=\"wp-block-columns alignwide is-layout-flex wp-container-core-columns-is-layout-d0bbbce0 wp-block-columns-is-layout-flex\">\n<div class=\"wp-block-column is-layout-flow wp-container-core-column-is-layout-e3d1c41b wp-block-column-is-layout-flow\">\n<h3 class=\"wp-block-heading has-text-align-left is-style-asterisk has-body-font-family has-medium-font-size\" style=\"font-style:normal;font-weight:600\">Pour la t\u00e9l\u00e9maintenance :<\/h3>\n\n\n\n<p class=\"has-text-align-left\">TeamViewer : <\/p>\n\n\n\n<ul class=\"wp-block-list\">\n<li><a href=\"https:\/\/www.centrepro.info\/wp-content\/uploads\/2025\/11\/TeamViewer_Setup15_V2.exe\">Pour PC x64 version compl\u00e8te <\/a><\/li>\n\n\n\n<li><a href=\"http:\/\/www.centrepro.biz\/softs\/TeamViewer_Setup_x86.exe\">Pour PC x86 version compl\u00e8te<\/a><\/li>\n\n\n\n<li><a href=\"https:\/\/www.centrepro.info\/wp-content\/uploads\/2025\/11\/teamviewer-15-37-8.dmg\">Pour Mac OS version compl\u00e8te<\/a><\/li>\n\n\n\n<li><a href=\"https:\/\/www.centrepro.info\/wp-content\/uploads\/2025\/11\/TeamViewer_15.53.455_apkcombo.com.apk\" data-type=\"attachment\" data-id=\"874\">Pour Andro\u00efd<\/a><\/li>\n<\/ul>\n\n\n\n<p>MeshCentral Centre Pro :<\/p>\n\n\n\n<ul class=\"wp-block-list\">\n<li><a href=\"https:\/\/www.centrepro.info\/wp-content\/uploads\/2025\/11\/meshagent64-AAA-temp.exe\">Pour PC x64<\/a><\/li>\n\n\n\n<li><a href=\"https:\/\/www.centrepro.info\/wp-content\/uploads\/2025\/11\/meshagent32-AAA-temp.exe\" data-type=\"attachment\" data-id=\"885\">Pour PC x86<\/a><\/li>\n\n\n\n<li><a href=\"https:\/\/www.centrepro.info\/wp-content\/uploads\/2025\/11\/meshagentarm64-AAA-temp.exe\" data-type=\"attachment\" data-id=\"882\">Pour ARM x64<\/a><\/li>\n\n\n\n<li><a href=\"https:\/\/www.centrepro.info\/wp-content\/uploads\/2025\/11\/MeshAgent-AAA-temp.zip\" data-type=\"attachment\" data-id=\"883\">Pour macOS<\/a><\/li>\n\n\n\n<li><a href=\"https:\/\/www.centrepro.info\/wp-content\/uploads\/2025\/11\/meshandroid.apk\" data-type=\"attachment\" data-id=\"881\">Pour Andro\u00efd<\/a><\/li>\n<\/ul>\n\n\n\n<p>RustDesk Centre Pro<\/p>\n<\/div>\n\n\n\n<div class=\"wp-block-column is-layout-flow wp-container-core-column-is-layout-e3d1c41b wp-block-column-is-layout-flow\">\n<h3 class=\"wp-block-heading has-text-align-left is-style-asterisk has-body-font-family has-medium-font-size\" style=\"font-style:normal;font-weight:600\">Pour la navigation :<\/h3>\n\n\n\n<p class=\"has-text-align-left\"><a href=\"https:\/\/www.firefox.com\/fr\/download\/all\/desktop-release\/\" target=\"_blank\">Firefox pour PC<\/a><\/p>\n\n\n\n<p><a href=\"https:\/\/www.firefox.com\/fr\/download\/all\/mobile-release\/\" target=\"_blank\">Firefox pour Mobile<\/a><\/p>\n\n\n\n<p><strong>Les antivirus :<\/strong><\/p>\n\n\n\n<p><a href=\"https:\/\/download.bitdefender.com\/windows\/installer\/en-us\/bitdefender_avfree.exe?_gl=1*1fye8ec*_ga*Nzg1Njg1ODQyLjE2Nzk2NjgzMzM.*_ga_6M0GWNLLWF*MTY3OTY2ODMzMi4xLjEuMTY3OTY2ODMzMi42MC4wLjA.&amp;adobe_mc=MCMID%3D55008387836489704111747435518190578875%7CMCORGID%3D0E920C0F53DA9E9B0A490D45%2540AdobeOrg%7CTS%3D1696232792\">BitDefender gratuit<\/a> (PC) \/ <a href=\"https:\/\/www.bitdefender.com\/fr-fr\/\">site Bitdefender<\/a><\/p>\n\n\n\n<p><a href=\"https:\/\/download.comodo.com\/cis\/download\/installs\/1000\/partners\/cav_installer_10387_17.exe?af=16278\">Comodo gratuit<\/a> (PC) \/ <a href=\"https:\/\/antivirus.comodo.com\/free-antivirus.php?af=16278\">site comodo<\/a><\/p>\n\n\n\n<p>Pour une version payante distribu\u00e9e par Centre Pro, faire une demande par mail ou via le bouton \u00ab\u00a0Demande SAV\u00a0\u00bb<\/p>\n<\/div>\n\n\n\n<div class=\"wp-block-column is-layout-flow wp-container-core-column-is-layout-e3d1c41b wp-block-column-is-layout-flow\">\n<h3 class=\"wp-block-heading has-text-align-left is-style-asterisk has-body-font-family has-medium-font-size\" style=\"font-style:normal;font-weight:600\">Pour la bureautique :<\/h3>\n\n\n\n<p class=\"has-text-align-left\"><a href=\"https:\/\/fr.libreoffice.org\/download\/telecharger-libreoffice\/\" target=\"_blank\">LibreOffice pour PC\/Mac\/Linux<\/a><\/p>\n\n\n\n<p><a href=\"https:\/\/www.onlyoffice.com\/download-desktop.aspx?from=desktop\" target=\"_blank\">OnlyOffice pour Pc\/Mac\/Linux\/Andro\u00efd<\/a><\/p>\n\n\n\n<p><a href=\"https:\/\/www.thunderbird.net\/fr\/\" data-type=\"link\" data-id=\"https:\/\/www.thunderbird.net\/fr\/\" target=\"_blank\">Thunderbird<\/a><\/p>\n\n\n\n<p><strong>Pour la retouche d&rsquo;image :<\/strong><\/p>\n\n\n\n<p><a href=\"https:\/\/www.gimp.org\/downloads\/\">Gimp<\/a><\/p>\n<\/div>\n<\/div>\n\n\n\n<div style=\"height:var(--wp--preset--spacing--20)\" aria-hidden=\"true\" class=\"wp-block-spacer\"><\/div>\n\n\n\n<div class=\"wp-block-columns alignwide is-layout-flex wp-container-core-columns-is-layout-d0bbbce0 wp-block-columns-is-layout-flex\">\n<div class=\"wp-block-column is-layout-flow wp-container-core-column-is-layout-e3d1c41b wp-block-column-is-layout-flow\">\n<h3 class=\"wp-block-heading has-text-align-left is-style-asterisk has-body-font-family has-medium-font-size\" style=\"font-style:normal;font-weight:600\">Pour le cloud :<\/h3>\n\n\n\n<p class=\"has-text-align-left\"><a href=\"https:\/\/nextcloud.com\/fr\/installer\/#instructions-server\" target=\"_blank\">Version serveur<\/a><\/p>\n\n\n\n<p><a href=\"https:\/\/nextcloud.com\/fr\/installer\/#desktop-files\" data-type=\"link\" data-id=\"https:\/\/nextcloud.com\/fr\/installer\/#desktop-files\" target=\"_blank\">Version client<\/a><\/p>\n\n\n\n<p><a href=\"https:\/\/www.centrepro.info\/wp-content\/uploads\/2025\/11\/nextcloud_android_2025-10-30.apk\" data-type=\"attachment\" data-id=\"888\">Pour mobile<\/a><\/p>\n<\/div>\n\n\n\n<div class=\"wp-block-column is-layout-flow wp-container-core-column-is-layout-e3d1c41b wp-block-column-is-layout-flow\">\n<h3 class=\"wp-block-heading has-text-align-left is-style-asterisk has-body-font-family has-medium-font-size\" style=\"font-style:normal;font-weight:600\">Pour les PDF :<\/h3>\n\n\n\n<p class=\"has-text-align-left\"><a href=\"https:\/\/get.adobe.com\/fr\/reader\/\" data-type=\"link\" data-id=\"https:\/\/get.adobe.com\/fr\/reader\/\" target=\"_blank\">Adobe Reader<\/a><\/p>\n\n\n\n<p><a href=\"https:\/\/pdf-viewer-plus.fr.aptoide.com\/app\" data-type=\"link\" data-id=\"https:\/\/pdf-viewer-plus.fr.aptoide.com\/app\" target=\"_blank\">Pdf Viewer Plus andro\u00efd<\/a><\/p>\n<\/div>\n\n\n\n<div class=\"wp-block-column is-layout-flow wp-container-core-column-is-layout-e3d1c41b wp-block-column-is-layout-flow\">\n<h3 class=\"wp-block-heading has-text-align-left is-style-asterisk has-body-font-family has-medium-font-size\" style=\"font-style:normal;font-weight:600\">Utilitaires :<\/h3>\n\n\n\n<p class=\"has-text-align-left\"><a href=\"https:\/\/www.dipisoft.com\/download_plus.php?action=1&amp;lng=fr&amp;pg=2117\" target=\"_blank\">Scan r\u00e9seaux<\/a><\/p>\n\n\n\n<p><a href=\"https:\/\/filezilla-project.org\/download.php?type=server\" target=\"_blank\">Serveur FTP<\/a><\/p>\n<\/div>\n<\/div>\n<\/div>\n\n\n\n<div class=\"wp-block-group alignfull has-global-padding is-layout-constrained wp-container-core-group-is-layout-d89aad35 wp-block-group-is-layout-constrained\" style=\"margin-top:0;margin-bottom:0;padding-top:var(--wp--preset--spacing--50);padding-right:var(--wp--preset--spacing--50);padding-bottom:var(--wp--preset--spacing--50);padding-left:var(--wp--preset--spacing--50)\">\n<h2 class=\"wp-block-heading alignwide has-x-large-font-size\" style=\"margin-top:0;margin-bottom:var(--wp--preset--spacing--40);line-height:1\">Regardez, lisez, \u00e9coutez<\/h2>\n\n\n\n<div class=\"wp-block-group alignwide has-global-padding is-layout-constrained wp-block-group-is-layout-constrained\">\n<div class=\"wp-block-query alignwide is-layout-flow wp-block-query-is-layout-flow\">\n\n\n<div style=\"height:var(--wp--preset--spacing--30)\" aria-hidden=\"true\" class=\"wp-block-spacer\"><\/div>\n\n\n\n\n<div class=\"wp-block-query-no-results\">\n\n<p>Aucune publication n\u2019a \u00e9t\u00e9 trouv\u00e9e.<\/p>\n\n<\/div><\/div>\n<\/div>\n<\/div>\n","protected":false},"excerpt":{"rendered":"<p>Retrouvez ici les liens pour les programmes ou outils informatiques En t\u00e9l\u00e9chargement direct sur nos serveurs ou depuis les sites des d\u00e9veloppeurs de chaque produit. Par principe : n&rsquo;installez que des logiciels dont vous avez besoin ! Chaque fois que vous installez un logiciel sur un ordinateur, celui-ci va prendre une partie des ressources dont [&hellip;]<\/p>\n","protected":false},"author":1,"featured_media":0,"parent":0,"menu_order":0,"comment_status":"closed","ping_status":"closed","template":"","meta":{"footnotes":""},"class_list":["post-731","page","type-page","status-publish","hentry"],"_links":{"self":[{"href":"https:\/\/www.centrepro.info\/index.php\/wp-json\/wp\/v2\/pages\/731","targetHints":{"allow":["GET"]}}],"collection":[{"href":"https:\/\/www.centrepro.info\/index.php\/wp-json\/wp\/v2\/pages"}],"about":[{"href":"https:\/\/www.centrepro.info\/index.php\/wp-json\/wp\/v2\/types\/page"}],"author":[{"embeddable":true,"href":"https:\/\/www.centrepro.info\/index.php\/wp-json\/wp\/v2\/users\/1"}],"replies":[{"embeddable":true,"href":"https:\/\/www.centrepro.info\/index.php\/wp-json\/wp\/v2\/comments?post=731"}],"version-history":[{"count":33,"href":"https:\/\/www.centrepro.info\/index.php\/wp-json\/wp\/v2\/pages\/731\/revisions"}],"predecessor-version":[{"id":903,"href":"https:\/\/www.centrepro.info\/index.php\/wp-json\/wp\/v2\/pages\/731\/revisions\/903"}],"wp:attachment":[{"href":"https:\/\/www.centrepro.info\/index.php\/wp-json\/wp\/v2\/media?parent=731"}],"curies":[{"name":"wp","href":"https:\/\/api.w.org\/{rel}","templated":true}]}}