{"id":45,"date":"2024-12-28T11:37:37","date_gmt":"2024-12-28T10:37:37","guid":{"rendered":"http:\/\/debwp\/?page_id=45"},"modified":"2025-10-27T18:13:54","modified_gmt":"2025-10-27T17:13:54","slug":"limpression","status":"publish","type":"page","link":"https:\/\/www.centrepro.info\/index.php\/limpression\/","title":{"rendered":"L&rsquo;impression"},"content":{"rendered":"\n<p>Nous privil\u00e9gions la long\u00e9vit\u00e9 de vos \u00e9quipements en proposant des contrats \u00e0 long terme, vous permettant de conserver et r\u00e9parer vos mat\u00e9riels plut\u00f4t que de les remplacer.<\/p>\n\n\n\n<figure class=\"wp-block-image aligncenter size-full\"><img loading=\"lazy\" decoding=\"async\" width=\"2560\" height=\"1584\" src=\"https:\/\/www.centrepro.info\/wp-content\/uploads\/2025\/10\/MF659-Front_estesa-scaled.bmp\" alt=\"\" class=\"wp-image-784\" srcset=\"https:\/\/www.centrepro.info\/wp-content\/uploads\/2025\/10\/MF659-Front_estesa-scaled.bmp 2560w, https:\/\/www.centrepro.info\/wp-content\/uploads\/2025\/10\/MF659-Front_estesa-300x186.jpg 300w, https:\/\/www.centrepro.info\/wp-content\/uploads\/2025\/10\/MF659-Front_estesa-1024x633.jpg 1024w, https:\/\/www.centrepro.info\/wp-content\/uploads\/2025\/10\/MF659-Front_estesa-768x475.jpg 768w, https:\/\/www.centrepro.info\/wp-content\/uploads\/2025\/10\/MF659-Front_estesa-1536x950.jpg 1536w, https:\/\/www.centrepro.info\/wp-content\/uploads\/2025\/10\/MF659-Front_estesa-2048x1267.jpg 2048w\" sizes=\"auto, (max-width: 2560px) 100vw, 2560px\" \/><\/figure>\n\n\n\n<p><strong>Maintenance : <\/strong>En choisissant nos contrats bas\u00e9s sur les toners, vous devenez acteur d\u2019une gestion plus raisonn\u00e9e de vos impressions, limitant les gaspillages inutiles et contribuant \u00e0 la pr\u00e9servation de l\u2019environnement.<\/p>\n\n\n\n<div class=\"wp-block-group is-layout-grid wp-container-core-group-is-layout-478b6e6b wp-block-group-is-layout-grid\">\n<details class=\"wp-block-details is-layout-flow wp-block-details-is-layout-flow\"><summary>La dur\u00e9e<\/summary>\n<p>Une maintenance inscrite dans la dur\u00e9e avec des contrats qui ne se limite pas aux 5 ans r\u00e9guli\u00e8rement propos\u00e9s aux d\u00e9tenteurs de photocopieurs<\/p>\n<\/details>\n\n\n\n<details class=\"wp-block-details is-layout-flow wp-block-details-is-layout-flow\"><summary>La polyvalence<\/summary>\n<p>Bien que revendeur officiel Olivetti, nous sommes en mesure d&rsquo;intervenir sur tout mat\u00e9riel d&rsquo;impression, de la simple imprimante monochrome \u00e0 la pr\u00e9presse offset num\u00e9rique<\/p>\n<\/details>\n\n\n\n<details class=\"wp-block-details is-layout-flow wp-block-details-is-layout-flow\"><summary>Une vraie \u00e9cologie<\/summary>\n<p>En choisissant nos services vous optez pour de vraies \u00e9conomies : garder son mat\u00e9riel plus de 5 ans c&rsquo;est moins de frais et moins de d\u00e9chets ! <\/p>\n<\/details>\n<\/div>\n\n\n\n<figure class=\"wp-block-image size-full\"><img loading=\"lazy\" decoding=\"async\" width=\"960\" height=\"960\" src=\"https:\/\/www.centrepro.info\/wp-content\/uploads\/2025\/09\/ImprimantePortable.png\" alt=\"\" class=\"wp-image-571\" srcset=\"https:\/\/www.centrepro.info\/wp-content\/uploads\/2025\/09\/ImprimantePortable.png 960w, https:\/\/www.centrepro.info\/wp-content\/uploads\/2025\/09\/ImprimantePortable-300x300.png 300w, https:\/\/www.centrepro.info\/wp-content\/uploads\/2025\/09\/ImprimantePortable-150x150.png 150w, https:\/\/www.centrepro.info\/wp-content\/uploads\/2025\/09\/ImprimantePortable-768x768.png 768w\" sizes=\"auto, (max-width: 960px) 100vw, 960px\" \/><\/figure>\n\n\n\n<p>Avec nous, vous optez pour une solution plus responsable, r\u00e9duisant le gaspillage tant au niveau des \u00e9quipements que des consommables.<\/p>\n\n\n\n<p>Nous croyons que la durabilit\u00e9 passe par des choix responsables, c\u2019est pourquoi nos contrats sont con\u00e7us pour vous aider \u00e0 r\u00e9duire votre impact environnemental tout en optimisant votre efficacit\u00e9.<\/p>\n\n\n\n<p><strong>Mat\u00e9riels :&nbsp;<\/strong>Notre gamme est tr\u00e8s large , nous travaillons avec :<strong>&nbsp;Olivetti, Canon, Ricoh, Konica, Sharp, Kyocera, Brother, Hp, Toshiba<\/strong>&#8230;<\/p>\n\n\n\n<p><\/p>\n\n\n\n<p><strong>\u00c9cologie :<\/strong> Les copieurs en fin de vie sont d\u00e9soss\u00e9s afin de s\u00e9parer tous les \u00e9l\u00e9ments comme les toners , connectiques , plastiques et tout ce qui compose le copieur en lui m\u00eame pour ensuite les recycler.<\/p>\n\n\n\n<figure class=\"wp-block-video\"><video controls src=\"http:\/\/centrwu.cluster021.hosting.ovh.net\/wp-content\/uploads\/2025\/07\/demontage-pour-recyclage-Triophe-Adler.mp4\"><\/video><\/figure>\n","protected":false},"excerpt":{"rendered":"<p>Nous privil\u00e9gions la long\u00e9vit\u00e9 de vos \u00e9quipements en proposant des contrats \u00e0 long terme, vous permettant de conserver et r\u00e9parer vos mat\u00e9riels plut\u00f4t que de les remplacer. Maintenance : En choisissant nos contrats bas\u00e9s sur les toners, vous devenez acteur d\u2019une gestion plus raisonn\u00e9e de vos impressions, limitant les gaspillages inutiles et contribuant \u00e0 la [&hellip;]<\/p>\n","protected":false},"author":1,"featured_media":47,"parent":0,"menu_order":0,"comment_status":"closed","ping_status":"closed","template":"","meta":{"footnotes":""},"class_list":["post-45","page","type-page","status-publish","has-post-thumbnail","hentry"],"_links":{"self":[{"href":"https:\/\/www.centrepro.info\/index.php\/wp-json\/wp\/v2\/pages\/45","targetHints":{"allow":["GET"]}}],"collection":[{"href":"https:\/\/www.centrepro.info\/index.php\/wp-json\/wp\/v2\/pages"}],"about":[{"href":"https:\/\/www.centrepro.info\/index.php\/wp-json\/wp\/v2\/types\/page"}],"author":[{"embeddable":true,"href":"https:\/\/www.centrepro.info\/index.php\/wp-json\/wp\/v2\/users\/1"}],"replies":[{"embeddable":true,"href":"https:\/\/www.centrepro.info\/index.php\/wp-json\/wp\/v2\/comments?post=45"}],"version-history":[{"count":5,"href":"https:\/\/www.centrepro.info\/index.php\/wp-json\/wp\/v2\/pages\/45\/revisions"}],"predecessor-version":[{"id":824,"href":"https:\/\/www.centrepro.info\/index.php\/wp-json\/wp\/v2\/pages\/45\/revisions\/824"}],"wp:featuredmedia":[{"embeddable":true,"href":"https:\/\/www.centrepro.info\/index.php\/wp-json\/"}],"wp:attachment":[{"href":"https:\/\/www.centrepro.info\/index.php\/wp-json\/wp\/v2\/media?parent=45"}],"curies":[{"name":"wp","href":"https:\/\/api.w.org\/{rel}","templated":true}]}}